{"id":2098,"date":"2025-08-26T09:35:44","date_gmt":"2025-08-26T09:35:44","guid":{"rendered":"https:\/\/sper.pt\/cer2025\/?page_id=2098"},"modified":"2025-08-26T09:38:30","modified_gmt":"2025-08-26T09:38:30","slug":"premio-estudos-rurais","status":"publish","type":"page","link":"https:\/\/sper.pt\/cer2025\/premio-estudos-rurais\/","title":{"rendered":"Pr\u00e9mio Estudos Rurais"},"content":{"rendered":"\t\t<div data-elementor-type=\"wp-page\" data-elementor-id=\"2098\" class=\"elementor elementor-2098\">\n\t\t\t\t\t\t<section class=\"elementor-section elementor-top-section elementor-element elementor-element-ab4e703 elementor-section-boxed elementor-section-height-default elementor-section-height-default\" data-id=\"ab4e703\" data-element_type=\"section\" data-e-type=\"section\" data-settings=\"{&quot;jet_parallax_layout_list&quot;:[]}\">\n\t\t\t\t\t\t<div class=\"elementor-container elementor-column-gap-default\">\n\t\t\t\t\t<div class=\"elementor-column elementor-col-100 elementor-top-column elementor-element elementor-element-5caf113\" data-id=\"5caf113\" data-element_type=\"column\" data-e-type=\"column\">\n\t\t\t<div class=\"elementor-widget-wrap elementor-element-populated\">\n\t\t\t\t\t\t<div class=\"elementor-element elementor-element-dbcbdce elementor-widget elementor-widget-image\" data-id=\"dbcbdce\" data-element_type=\"widget\" data-e-type=\"widget\" data-widget_type=\"image.default\">\n\t\t\t\t<div class=\"elementor-widget-container\">\n\t\t\t\t\t\t\t\t\t\t\t\t\t\t\t<img fetchpriority=\"high\" decoding=\"async\" width=\"768\" height=\"229\" src=\"https:\/\/sper.pt\/cer2025\/wp-content\/uploads\/sites\/8\/2025\/08\/Captura-de-Ecra-190-768x229.png\" class=\"attachment-medium_large size-medium_large wp-image-2100\" alt=\"\" srcset=\"https:\/\/sper.pt\/cer2025\/wp-content\/uploads\/sites\/8\/2025\/08\/Captura-de-Ecra-190-768x229.png 768w, https:\/\/sper.pt\/cer2025\/wp-content\/uploads\/sites\/8\/2025\/08\/Captura-de-Ecra-190-300x89.png 300w, https:\/\/sper.pt\/cer2025\/wp-content\/uploads\/sites\/8\/2025\/08\/Captura-de-Ecra-190-1024x305.png 1024w, https:\/\/sper.pt\/cer2025\/wp-content\/uploads\/sites\/8\/2025\/08\/Captura-de-Ecra-190.png 1158w\" sizes=\"(max-width: 768px) 100vw, 768px\" \/>\t\t\t\t\t\t\t\t\t\t\t\t\t\t\t<\/div>\n\t\t\t\t<\/div>\n\t\t\t\t<div class=\"elementor-element elementor-element-60bd7ab elementor-widget elementor-widget-spacer\" data-id=\"60bd7ab\" data-element_type=\"widget\" data-e-type=\"widget\" data-widget_type=\"spacer.default\">\n\t\t\t\t<div class=\"elementor-widget-container\">\n\t\t\t\t\t\t\t<div class=\"elementor-spacer\">\n\t\t\t<div class=\"elementor-spacer-inner\"><\/div>\n\t\t<\/div>\n\t\t\t\t\t\t<\/div>\n\t\t\t\t<\/div>\n\t\t\t\t\t<\/div>\n\t\t<\/div>\n\t\t\t\t\t<\/div>\n\t\t<\/section>\n\t\t\t\t<section class=\"elementor-section elementor-top-section elementor-element elementor-element-fdd1fdf elementor-section-boxed elementor-section-height-default elementor-section-height-default\" data-id=\"fdd1fdf\" data-element_type=\"section\" data-e-type=\"section\" data-settings=\"{&quot;jet_parallax_layout_list&quot;:[]}\">\n\t\t\t\t\t\t<div class=\"elementor-container elementor-column-gap-default\">\n\t\t\t\t\t<div class=\"elementor-column elementor-col-100 elementor-top-column elementor-element elementor-element-68fe5e8\" data-id=\"68fe5e8\" data-element_type=\"column\" data-e-type=\"column\">\n\t\t\t<div class=\"elementor-widget-wrap elementor-element-populated\">\n\t\t\t\t\t\t<div class=\"elementor-element elementor-element-3868787 elementor-widget elementor-widget-heading\" data-id=\"3868787\" data-element_type=\"widget\" data-e-type=\"widget\" data-widget_type=\"heading.default\">\n\t\t\t\t<div class=\"elementor-widget-container\">\n\t\t\t\t\t<h2 class=\"elementor-heading-title elementor-size-default\">Pr\u00e9mio Estudos Rurais<\/h2>\t\t\t\t<\/div>\n\t\t\t\t<\/div>\n\t\t\t\t\t<\/div>\n\t\t<\/div>\n\t\t\t\t\t<\/div>\n\t\t<\/section>\n\t\t\t\t<section class=\"elementor-section elementor-top-section elementor-element elementor-element-bee8700 elementor-section-boxed elementor-section-height-default elementor-section-height-default\" data-id=\"bee8700\" data-element_type=\"section\" data-e-type=\"section\" data-settings=\"{&quot;jet_parallax_layout_list&quot;:[]}\">\n\t\t\t\t\t\t<div class=\"elementor-container elementor-column-gap-default\">\n\t\t\t\t\t<div class=\"elementor-column elementor-col-100 elementor-top-column elementor-element elementor-element-dc57388\" data-id=\"dc57388\" data-element_type=\"column\" data-e-type=\"column\">\n\t\t\t<div class=\"elementor-widget-wrap elementor-element-populated\">\n\t\t\t\t\t\t<div class=\"elementor-element elementor-element-ce0f34e elementor-widget elementor-widget-spacer\" data-id=\"ce0f34e\" data-element_type=\"widget\" data-e-type=\"widget\" data-widget_type=\"spacer.default\">\n\t\t\t\t<div class=\"elementor-widget-container\">\n\t\t\t\t\t\t\t<div class=\"elementor-spacer\">\n\t\t\t<div class=\"elementor-spacer-inner\"><\/div>\n\t\t<\/div>\n\t\t\t\t\t\t<\/div>\n\t\t\t\t<\/div>\n\t\t\t\t<div class=\"elementor-element elementor-element-e0a5eae elementor-widget elementor-widget-text-editor\" data-id=\"e0a5eae\" data-element_type=\"widget\" data-e-type=\"widget\" data-widget_type=\"text-editor.default\">\n\t\t\t\t<div class=\"elementor-widget-container\">\n\t\t\t\t\t\t\t\t\t<p>No Congresso comemorativo dos 40 anos da SPER, X Congresso de Estudos Rurais e XIII Encontro Rural RePort, com o apoio especial da ReadyToPub, pretendemos estimular os novos investigadores na \u00e1rea dos estudos rurais, atribuindo um pr\u00e9mio \u00e0 melhor comunica\u00e7\u00e3o oral e um pr\u00e9mio ao melhor p\u00f3ster de estudantes de mestrado ou doutoramento.\u00a0<\/p>\t\t\t\t\t\t\t\t<\/div>\n\t\t\t\t<\/div>\n\t\t\t\t<div class=\"elementor-element elementor-element-1937de8 elementor-widget elementor-widget-text-editor\" data-id=\"1937de8\" data-element_type=\"widget\" data-e-type=\"widget\" data-widget_type=\"text-editor.default\">\n\t\t\t\t<div class=\"elementor-widget-container\">\n\t\t\t\t\t\t\t\t\t<p>Consulte aqui o <a href=\"https:\/\/sper.pt\/cer2025\/wp-content\/uploads\/sites\/8\/2025\/08\/RegulamentoPremioCER2025_V08_08_2025.pdf\">regulamento<\/a>.<\/p>\t\t\t\t\t\t\t\t<\/div>\n\t\t\t\t<\/div>\n\t\t\t\t<div class=\"elementor-element elementor-element-3dcaa38 elementor-widget elementor-widget-spacer\" data-id=\"3dcaa38\" data-element_type=\"widget\" data-e-type=\"widget\" data-widget_type=\"spacer.default\">\n\t\t\t\t<div class=\"elementor-widget-container\">\n\t\t\t\t\t\t\t<div class=\"elementor-spacer\">\n\t\t\t<div class=\"elementor-spacer-inner\"><\/div>\n\t\t<\/div>\n\t\t\t\t\t\t<\/div>\n\t\t\t\t<\/div>\n\t\t\t\t\t<\/div>\n\t\t<\/div>\n\t\t\t\t\t<\/div>\n\t\t<\/section>\n\t\t\t\t<\/div>\n\t\t","protected":false},"excerpt":{"rendered":"<p>Pr\u00e9mio Estudos Rurais No Congresso comemorativo dos 40 anos da SPER, X Congresso de Estudos Rurais e XIII Encontro Rural RePort, com o apoio especial da ReadyToPub, pretendemos estimular os novos investigadores na \u00e1rea dos estudos rurais, atribuindo um pr\u00e9mio \u00e0 melhor comunica\u00e7\u00e3o oral e um pr\u00e9mio ao melhor p\u00f3ster de estudantes de mestrado ou [&hellip;]<\/p>\n","protected":false},"author":2,"featured_media":0,"parent":0,"menu_order":0,"comment_status":"closed","ping_status":"closed","template":"","meta":{"footnotes":""},"class_list":["post-2098","page","type-page","status-publish","hentry"],"_links":{"self":[{"href":"https:\/\/sper.pt\/cer2025\/wp-json\/wp\/v2\/pages\/2098","targetHints":{"allow":["GET"]}}],"collection":[{"href":"https:\/\/sper.pt\/cer2025\/wp-json\/wp\/v2\/pages"}],"about":[{"href":"https:\/\/sper.pt\/cer2025\/wp-json\/wp\/v2\/types\/page"}],"author":[{"embeddable":true,"href":"https:\/\/sper.pt\/cer2025\/wp-json\/wp\/v2\/users\/2"}],"replies":[{"embeddable":true,"href":"https:\/\/sper.pt\/cer2025\/wp-json\/wp\/v2\/comments?post=2098"}],"version-history":[{"count":8,"href":"https:\/\/sper.pt\/cer2025\/wp-json\/wp\/v2\/pages\/2098\/revisions"}],"predecessor-version":[{"id":2108,"href":"https:\/\/sper.pt\/cer2025\/wp-json\/wp\/v2\/pages\/2098\/revisions\/2108"}],"wp:attachment":[{"href":"https:\/\/sper.pt\/cer2025\/wp-json\/wp\/v2\/media?parent=2098"}],"curies":[{"name":"wp","href":"https:\/\/api.w.org\/{rel}","templated":true}]}}